{"id":3505,"date":"2024-05-07T21:36:10","date_gmt":"2024-05-08T01:36:10","guid":{"rendered":"https:\/\/clermontwellnessridge.com\/acessibilidade\/"},"modified":"2024-05-07T21:36:10","modified_gmt":"2024-05-08T01:36:10","slug":"acessibilidade","status":"publish","type":"page","link":"https:\/\/clermontwellnessridge.com\/pt-br\/acessibilidade\/","title":{"rendered":"Acessibilidade"},"content":{"rendered":"<h2>Declara\u00e7\u00e3o de conformidade com a acessibilidade do conte\u00fado da Web<\/h2>\n<p>A WRA tem o compromisso de tornar todos os seus sites mais acess\u00edveis e f\u00e1ceis de usar para todos os clientes, inclusive pessoas com defici\u00eancias. N\u00f3s nos esfor\u00e7amos para atender aos padr\u00f5es das Diretrizes de Acessibilidade de Conte\u00fado da Web 2.0 N\u00edvel AA do Cons\u00f3rcio World Wide Web WCAG 2.0 AA.<\/p>\n<p>Se voc\u00ea tiver alguma d\u00favida ou preocupa\u00e7\u00e3o espec\u00edfica sobre a acessibilidade de um determinado site a qualquer momento, entre em contato conosco pelo e-mail sales@wra-usa.com. Inclua o problema, o site e o site em seu e-mail e faremos todos os esfor\u00e7os razo\u00e1veis para tornar essa p\u00e1gina acess\u00edvel a voc\u00ea.<\/p>\n","protected":false},"excerpt":{"rendered":"<p>Declara\u00e7\u00e3o de conformidade com a acessibilidade do conte\u00fado da Web A WRA tem o compromisso de tornar todos os seus sites mais acess\u00edveis e f\u00e1ceis de usar para todos os clientes, inclusive pessoas com defici\u00eancias. N\u00f3s nos esfor\u00e7amos para atender aos padr\u00f5es das Diretrizes de Acessibilidade de Conte\u00fado da Web 2.0 N\u00edvel AA do Cons\u00f3rcio [&hellip;]<\/p>\n","protected":false},"author":1,"featured_media":0,"parent":0,"menu_order":0,"comment_status":"closed","ping_status":"closed","template":"","meta":{"_uf_show_specific_survey":0,"_uf_disable_surveys":false,"_joinchat":[],"footnotes":""},"class_list":["post-3505","page","type-page","status-publish","hentry"],"yoast_head":"<!-- This site is optimized with the Yoast SEO plugin v27.1.1 - https:\/\/yoast.com\/product\/yoast-seo-wordpress\/ -->\n<title>Acessibilidade - Clermont Wellness Ridge<\/title>\n<meta name=\"robots\" content=\"index, follow, max-snippet:-1, max-image-preview:large, max-video-preview:-1\" \/>\n<link rel=\"canonical\" href=\"https:\/\/clermontwellnessridge.com\/pt-br\/acessibilidade\/\" \/>\n<meta property=\"og:locale\" content=\"pt_BR\" \/>\n<meta property=\"og:type\" content=\"article\" \/>\n<meta property=\"og:title\" content=\"Acessibilidade - Clermont Wellness Ridge\" \/>\n<meta property=\"og:description\" content=\"Declara\u00e7\u00e3o de conformidade com a acessibilidade do conte\u00fado da Web A WRA tem o compromisso de tornar todos os seus sites mais acess\u00edveis e f\u00e1ceis de usar para todos os clientes, inclusive pessoas com defici\u00eancias. N\u00f3s nos esfor\u00e7amos para atender aos padr\u00f5es das Diretrizes de Acessibilidade de Conte\u00fado da Web 2.0 N\u00edvel AA do Cons\u00f3rcio [&hellip;]\" \/>\n<meta property=\"og:url\" content=\"https:\/\/clermontwellnessridge.com\/pt-br\/acessibilidade\/\" \/>\n<meta property=\"og:site_name\" content=\"Clermont Wellness Ridge\" \/>\n<meta name=\"twitter:card\" content=\"summary_large_image\" \/>\n<meta name=\"twitter:label1\" content=\"Est. tempo de leitura\" \/>\n\t<meta name=\"twitter:data1\" content=\"1 minuto\" \/>\n<script type=\"application\/ld+json\" class=\"yoast-schema-graph\">{\"@context\":\"https:\/\/schema.org\",\"@graph\":[{\"@type\":\"WebPage\",\"@id\":\"https:\/\/clermontwellnessridge.com\/pt-br\/acessibilidade\/\",\"url\":\"https:\/\/clermontwellnessridge.com\/pt-br\/acessibilidade\/\",\"name\":\"Acessibilidade - Clermont Wellness Ridge\",\"isPartOf\":{\"@id\":\"https:\/\/clermontwellnessridge.com\/pt-br\/#website\"},\"datePublished\":\"2024-05-08T01:36:10+00:00\",\"breadcrumb\":{\"@id\":\"https:\/\/clermontwellnessridge.com\/pt-br\/acessibilidade\/#breadcrumb\"},\"inLanguage\":\"pt-BR\",\"potentialAction\":[{\"@type\":\"ReadAction\",\"target\":[\"https:\/\/clermontwellnessridge.com\/pt-br\/acessibilidade\/\"]}]},{\"@type\":\"BreadcrumbList\",\"@id\":\"https:\/\/clermontwellnessridge.com\/pt-br\/acessibilidade\/#breadcrumb\",\"itemListElement\":[{\"@type\":\"ListItem\",\"position\":1,\"name\":\"Home\",\"item\":\"https:\/\/clermontwellnessridge.com\/pt-br\/\"},{\"@type\":\"ListItem\",\"position\":2,\"name\":\"Acessibilidade\"}]},{\"@type\":\"WebSite\",\"@id\":\"https:\/\/clermontwellnessridge.com\/pt-br\/#website\",\"url\":\"https:\/\/clermontwellnessridge.com\/pt-br\/\",\"name\":\"Clermont Wellness Ridge\",\"description\":\"Investir em Im\u00f3veis na Florida\",\"potentialAction\":[{\"@type\":\"SearchAction\",\"target\":{\"@type\":\"EntryPoint\",\"urlTemplate\":\"https:\/\/clermontwellnessridge.com\/pt-br\/?s={search_term_string}\"},\"query-input\":{\"@type\":\"PropertyValueSpecification\",\"valueRequired\":true,\"valueName\":\"search_term_string\"}}],\"inLanguage\":\"pt-BR\"}]}<\/script>\n<!-- \/ Yoast SEO plugin. -->","yoast_head_json":{"title":"Acessibilidade - Clermont Wellness Ridge","robots":{"index":"index","follow":"follow","max-snippet":"max-snippet:-1","max-image-preview":"max-image-preview:large","max-video-preview":"max-video-preview:-1"},"canonical":"https:\/\/clermontwellnessridge.com\/pt-br\/acessibilidade\/","og_locale":"pt_BR","og_type":"article","og_title":"Acessibilidade - Clermont Wellness Ridge","og_description":"Declara\u00e7\u00e3o de conformidade com a acessibilidade do conte\u00fado da Web A WRA tem o compromisso de tornar todos os seus sites mais acess\u00edveis e f\u00e1ceis de usar para todos os clientes, inclusive pessoas com defici\u00eancias. N\u00f3s nos esfor\u00e7amos para atender aos padr\u00f5es das Diretrizes de Acessibilidade de Conte\u00fado da Web 2.0 N\u00edvel AA do Cons\u00f3rcio [&hellip;]","og_url":"https:\/\/clermontwellnessridge.com\/pt-br\/acessibilidade\/","og_site_name":"Clermont Wellness Ridge","twitter_card":"summary_large_image","twitter_misc":{"Est. tempo de leitura":"1 minuto"},"schema":{"@context":"https:\/\/schema.org","@graph":[{"@type":"WebPage","@id":"https:\/\/clermontwellnessridge.com\/pt-br\/acessibilidade\/","url":"https:\/\/clermontwellnessridge.com\/pt-br\/acessibilidade\/","name":"Acessibilidade - Clermont Wellness Ridge","isPartOf":{"@id":"https:\/\/clermontwellnessridge.com\/pt-br\/#website"},"datePublished":"2024-05-08T01:36:10+00:00","breadcrumb":{"@id":"https:\/\/clermontwellnessridge.com\/pt-br\/acessibilidade\/#breadcrumb"},"inLanguage":"pt-BR","potentialAction":[{"@type":"ReadAction","target":["https:\/\/clermontwellnessridge.com\/pt-br\/acessibilidade\/"]}]},{"@type":"BreadcrumbList","@id":"https:\/\/clermontwellnessridge.com\/pt-br\/acessibilidade\/#breadcrumb","itemListElement":[{"@type":"ListItem","position":1,"name":"Home","item":"https:\/\/clermontwellnessridge.com\/pt-br\/"},{"@type":"ListItem","position":2,"name":"Acessibilidade"}]},{"@type":"WebSite","@id":"https:\/\/clermontwellnessridge.com\/pt-br\/#website","url":"https:\/\/clermontwellnessridge.com\/pt-br\/","name":"Clermont Wellness Ridge","description":"Investir em Im\u00f3veis na Florida","potentialAction":[{"@type":"SearchAction","target":{"@type":"EntryPoint","urlTemplate":"https:\/\/clermontwellnessridge.com\/pt-br\/?s={search_term_string}"},"query-input":{"@type":"PropertyValueSpecification","valueRequired":true,"valueName":"search_term_string"}}],"inLanguage":"pt-BR"}]}},"_links":{"self":[{"href":"https:\/\/clermontwellnessridge.com\/pt-br\/wp-json\/wp\/v2\/pages\/3505","targetHints":{"allow":["GET"]}}],"collection":[{"href":"https:\/\/clermontwellnessridge.com\/pt-br\/wp-json\/wp\/v2\/pages"}],"about":[{"href":"https:\/\/clermontwellnessridge.com\/pt-br\/wp-json\/wp\/v2\/types\/page"}],"author":[{"embeddable":true,"href":"https:\/\/clermontwellnessridge.com\/pt-br\/wp-json\/wp\/v2\/users\/1"}],"replies":[{"embeddable":true,"href":"https:\/\/clermontwellnessridge.com\/pt-br\/wp-json\/wp\/v2\/comments?post=3505"}],"version-history":[{"count":0,"href":"https:\/\/clermontwellnessridge.com\/pt-br\/wp-json\/wp\/v2\/pages\/3505\/revisions"}],"wp:attachment":[{"href":"https:\/\/clermontwellnessridge.com\/pt-br\/wp-json\/wp\/v2\/media?parent=3505"}],"curies":[{"name":"wp","href":"https:\/\/api.w.org\/{rel}","templated":true}]}}